{"id":51,"date":"2015-05-09T00:16:26","date_gmt":"2015-05-09T00:16:26","guid":{"rendered":"https:\/\/www.ceoexecutivesuites.com\/es\/?page_id=51"},"modified":"2015-05-20T19:19:09","modified_gmt":"2015-05-20T19:19:09","slug":"suites-executivas","status":"publish","type":"page","link":"https:\/\/www.ceoexecutivesuites.com\/es\/suites-executivas\/","title":{"rendered":"Suites Ejecutivas"},"content":{"rendered":"<p><div class=\"et_pb_section et_pb_fullwidth_section et_section_regular\" style='background-color:#ffffff;background-image:url(https:\/\/www.ceoexecutivesuites.com\/wp-content\/uploads\/2015\/04\/banner-CTA-darker1.jpg);'>\n\t\t\t\n\t\t\t\n\t\t\t\t\n\t\t\t\t<section class=\"et_pb_fullwidth_header et_pb_bg_layout_dark et_pb_text_align_center\">\n\t\t\t<div class=\"et_pb_row\">\n\t\t\t\t<h1>Suites Ejecutivas<\/h1>\n\t\t\t\t\n\t\t\t<\/div>\n\t\t<\/section>\n\t\t\t\n\t\t<\/div> <!-- .et_pb_section --><div class=\"et_pb_section et_section_regular\">\n\t\t\t\n\t\t\t\n\t\t\t\t\n\t\t\t\t<div class=\"et_pb_row\">\n\t\t\t<div class=\"et_pb_column et_pb_column_1_2\">\n\t\t\t<div class=\"et_pb_text et_pb_bg_layout_light et_pb_text_align_left\">\n\t\t\t\n<h1>Suites Ejecutivas<\/h1>\n<p>Las Suites Ejecutivas ofrecen una soluci\u00f3n inteligente, todo incluido que permite a los usuarios centrarse en su negocio.<\/p>\n<p>Evite las molestias de administrar una oficina corporativa y las facturas mensuales por gastos tradicionales. Cuando usted elige CEO Executive Suites como su ubicaci\u00f3n permanente de oficina, podr\u00e1 disfrutar de instalaciones de alta calidad en un entorno productivo, con apoyo permanente de nuestro personal comprometido.<\/p>\n<p>&nbsp;<\/p>\n<h1>Beneficios y Servicios:<\/h1>\n<ul class=\"list-caption\">\n<li>Suites Ejecutivas totalmente amuebladas.<\/li>\n<li>Prestigioso domicilio de correo y comercial.<\/li>\n<li>Acceso a salas de juntas.<\/li>\n<li>Servicios de recepci\u00f3n.<\/li>\n<li>Estacionamiento Exclusivo.<\/li>\n<li>Acceso y vigilancia 24\/7.<\/li>\n<li>Horario de servicio extendido<\/li>\n<li>L\u00ednea de tel\u00e9fono, conexi\u00f3n a internet de alta velocidad y Wi-Fi.<\/li>\n<li>Servicio de comunicaci\u00f3n \u201cS\u00edgueme\u201d.<\/li>\n<li>Soporte multiling\u00fce y servicios de secretar\u00eda en demanda.<\/li>\n<li>Caf\u00e9 y bebidas de cortes\u00eda.<\/li>\n<li>Limpieza y mantenimiento.<\/li>\n<li>Arrendamiento flexible y contratos de tarifa fija.<\/li>\n<li>Soluciones a corto plazo y de Oficina Virtual.<\/li>\n<\/ul>\n\n\t\t<\/div> <!-- .et_pb_text -->\n\t\t<\/div> <!-- .et_pb_column --><div class=\"et_pb_column et_pb_column_1_2\">\n\t\t\t<img decoding=\"async\" src=\"https:\/\/www.ceoexecutivesuites.com\/wp-content\/uploads\/2015\/04\/executive-image-2.jpg\" alt=\"\" class=\"et-waypoint et_pb_image et_pb_animation_left\" \/><img decoding=\"async\" src=\"https:\/\/www.ceoexecutivesuites.com\/wp-content\/uploads\/2015\/04\/executive-image-3.jpg\" alt=\"\" class=\"et-waypoint et_pb_image et_pb_animation_left\" \/>\n\t\t<\/div> <!-- .et_pb_column -->\n\t\t<\/div> <!-- .et_pb_row -->\n\t\t\t\n\t\t<\/div> <!-- .et_pb_section --><div class=\"et_pb_section et_section_regular et_section_transparent\">\n\t\t\t\n\t\t\t\n\t\t\t\t\n\t\t\t\t<div class=\"et_pb_row\">\n\t\t\t<div class=\"et_pb_column et_pb_column_4_4\">\n\t\t\t<div class=\"et_pb_promo et_pb_bg_layout_light et_pb_text_align_center\" style=\"background-color: #f9f9f9;\">\n\t\t\t<div class=\"et_pb_promo_description\">\n\t\t\t\t<h2>Vis\u00edtenos y descubra por qu\u00e9 el nuevo edificio CEO Executive Suites es la mejor opci\u00f3n para su negocio.<\/h2>\n\t\t\t\t\n\t\t\t<\/div>\n\t\t\t<a class=\"et_pb_promo_button\" href=\"https:\/\/www.ceoexecutivesuites.com\/es\/contacto\/\">Cont\u00e1ctanos!<\/a>\n\t\t<\/div>\n\t\t<\/div> <!-- .et_pb_column -->\n\t\t<\/div> <!-- .et_pb_row -->\n\t\t\t\n\t\t<\/div> <!-- .et_pb_section --><\/p>\n","protected":false},"excerpt":{"rendered":"","protected":false},"author":1,"featured_media":0,"parent":0,"menu_order":0,"comment_status":"open","ping_status":"open","template":"","meta":{"footnotes":""},"class_list":["post-51","page","type-page","status-publish","hentry"],"_links":{"self":[{"href":"https:\/\/www.ceoexecutivesuites.com\/es\/wp-json\/wp\/v2\/pages\/51","targetHints":{"allow":["GET"]}}],"collection":[{"href":"https:\/\/www.ceoexecutivesuites.com\/es\/wp-json\/wp\/v2\/pages"}],"about":[{"href":"https:\/\/www.ceoexecutivesuites.com\/es\/wp-json\/wp\/v2\/types\/page"}],"author":[{"embeddable":true,"href":"https:\/\/www.ceoexecutivesuites.com\/es\/wp-json\/wp\/v2\/users\/1"}],"replies":[{"embeddable":true,"href":"https:\/\/www.ceoexecutivesuites.com\/es\/wp-json\/wp\/v2\/comments?post=51"}],"version-history":[{"count":5,"href":"https:\/\/www.ceoexecutivesuites.com\/es\/wp-json\/wp\/v2\/pages\/51\/revisions"}],"predecessor-version":[{"id":539,"href":"https:\/\/www.ceoexecutivesuites.com\/es\/wp-json\/wp\/v2\/pages\/51\/revisions\/539"}],"wp:attachment":[{"href":"https:\/\/www.ceoexecutivesuites.com\/es\/wp-json\/wp\/v2\/media?parent=51"}],"curies":[{"name":"wp","href":"https:\/\/api.w.org\/{rel}","templated":true}]}}